{"id":6901,"date":"2024-12-12T12:24:18","date_gmt":"2024-12-12T11:24:18","guid":{"rendered":"https:\/\/www.tronatic-studio.com\/?page_id=6901"},"modified":"2024-12-12T17:40:37","modified_gmt":"2024-12-12T16:40:37","slug":"tech","status":"publish","type":"page","link":"https:\/\/www.tronatic-studio.com\/fr\/tech\/","title":{"rendered":"Tech"},"content":{"rendered":"\t\t<div data-elementor-type=\"wp-page\" data-elementor-id=\"6901\" class=\"elementor elementor-6901\" data-elementor-post-type=\"page\">\n\t\t\t\t<div class=\"elementor-element elementor-element-0c6394c e-con-full e-flex e-con e-parent\" data-id=\"0c6394c\" data-element_type=\"container\" data-e-type=\"container\" data-settings=\"{&quot;background_background&quot;:&quot;slideshow&quot;,&quot;background_slideshow_gallery&quot;:[{&quot;id&quot;:5893,&quot;url&quot;:&quot;https:\\\/\\\/www.tronatic-studio.com\\\/wp-content\\\/uploads\\\/2024\\\/09\\\/KAIZEN_Intro_Inoxtag_TronaticStudio_48.png&quot;},{&quot;id&quot;:5892,&quot;url&quot;:&quot;https:\\\/\\\/www.tronatic-studio.com\\\/wp-content\\\/uploads\\\/2024\\\/09\\\/KAIZEN_Intro_Inoxtag_TronaticStudio_44.png&quot;},{&quot;id&quot;:5891,&quot;url&quot;:&quot;https:\\\/\\\/www.tronatic-studio.com\\\/wp-content\\\/uploads\\\/2024\\\/09\\\/KAIZEN_Intro_Inoxtag_TronaticStudio_39.png&quot;}],&quot;background_slideshow_transition_duration&quot;:2000,&quot;background_slideshow_loop&quot;:&quot;yes&quot;,&quot;background_slideshow_slide_duration&quot;:5000,&quot;background_slideshow_slide_transition&quot;:&quot;fade&quot;}\">\n\t\t<div class=\"elementor-element elementor-element-ba8735b e-con-full e-flex e-con e-child\" data-id=\"ba8735b\" data-element_type=\"container\" data-e-type=\"container\">\n\t\t\t\t<div class=\"elementor-element elementor-element-4cc44ff elementor-widget__width-initial elementor-widget elementor-widget-text-editor\" data-id=\"4cc44ff\" data-element_type=\"widget\" data-e-type=\"widget\" data-widget_type=\"text-editor.default\">\n\t\t\t\t<div class=\"elementor-widget-container\">\n\t\t\t\t\t\t\t\t\t<p>Fond\u00e9 en 2011 par notre superviseur VFX Mathieu Gasq (Atalow), Tronatic Studio s&rsquo;est forg\u00e9 une r\u00e9putation gr\u00e2ce \u00e0 sa cr\u00e9ativit\u00e9 et \u00e0 son innovation constante. Toujours \u00e0 l&rsquo;avant-garde des nouvelles technologies et \u00e9quip\u00e9 de ses propres infrastructures, le studio collabore avec des clients prestigieux tels que Canal +, Endemol, et France T\u00e9l\u00e9visions.<\/p>\n<p>Aujourd&rsquo;hui, Tronatic Studio offre un service complet, alliant VFX, CGI, animations 3D, design et NFT. Notre expertise couvre toutes les \u00e9tapes, du concept artistique \u00e0 la r\u00e9alisation technique, avec une ind\u00e9pendance technologique gr\u00e2ce \u00e0 notre ferme de rendu interne et des techniques avanc\u00e9es comme la photogramm\u00e9trie et la st\u00e9r\u00e9oscopie.<\/p>\n<p>Chez Tronatic, la seule limite, c&rsquo;est l&rsquo;imagination&#8230; et encore !<\/p>\t\t\t\t\t\t\t\t<\/div>\n\t\t\t\t<\/div>\n\t\t\t\t<div class=\"elementor-element elementor-element-ae238ab gallery-spacing-custom elementor-widget elementor-widget-image-gallery\" data-id=\"ae238ab\" data-element_type=\"widget\" data-e-type=\"widget\" data-widget_type=\"image-gallery.default\">\n\t\t\t\t<div class=\"elementor-widget-container\">\n\t\t\t\t\t\t\t<div class=\"elementor-image-gallery\">\n\t\t\t<div id='gallery-1' class='gallery galleryid-6901 gallery-columns-5 gallery-size-thumbnail'><figure class='gallery-item'>\n\t\t\t<div class='gallery-icon landscape'>\n\t\t\t\t<img decoding=\"async\" width=\"110\" height=\"20\" src=\"https:\/\/www.tronatic-studio.com\/wp-content\/uploads\/2020\/08\/canalplus-logo-hover.png\" class=\"attachment-thumbnail size-thumbnail\" alt=\"\" \/>\n\t\t\t<\/div><\/figure><figure class='gallery-item'>\n\t\t\t<div class='gallery-icon landscape'>\n\t\t\t\t<img decoding=\"async\" width=\"110\" height=\"31\" src=\"https:\/\/www.tronatic-studio.com\/wp-content\/uploads\/2020\/08\/webedia-logo-hover.png\" class=\"attachment-thumbnail size-thumbnail\" alt=\"\" \/>\n\t\t\t<\/div><\/figure><figure class='gallery-item'>\n\t\t\t<div class='gallery-icon landscape'>\n\t\t\t\t<img decoding=\"async\" width=\"110\" height=\"95\" src=\"https:\/\/www.tronatic-studio.com\/wp-content\/uploads\/2020\/09\/logo_EndemolShineBeyond_MO.png\" class=\"attachment-thumbnail size-thumbnail\" alt=\"\" \/>\n\t\t\t<\/div><\/figure><figure class='gallery-item'>\n\t\t\t<div class='gallery-icon landscape'>\n\t\t\t\t<img loading=\"lazy\" decoding=\"async\" width=\"110\" height=\"95\" src=\"https:\/\/www.tronatic-studio.com\/wp-content\/uploads\/2021\/09\/Logo-Carte-Noire_White.png\" class=\"attachment-thumbnail size-thumbnail\" alt=\"\" \/>\n\t\t\t<\/div><\/figure><figure class='gallery-item'>\n\t\t\t<div class='gallery-icon landscape'>\n\t\t\t\t<img loading=\"lazy\" decoding=\"async\" width=\"110\" height=\"69\" src=\"https:\/\/www.tronatic-studio.com\/wp-content\/uploads\/2021\/09\/TF1_Logo_Petit_Blanc.png\" class=\"attachment-thumbnail size-thumbnail\" alt=\"\" \/>\n\t\t\t<\/div><\/figure><figure class='gallery-item'>\n\t\t\t<div class='gallery-icon landscape'>\n\t\t\t\t<img loading=\"lazy\" decoding=\"async\" width=\"110\" height=\"110\" src=\"https:\/\/www.tronatic-studio.com\/wp-content\/uploads\/2021\/09\/disneyland-paris-logo-white.png\" class=\"attachment-thumbnail size-thumbnail\" alt=\"\" \/>\n\t\t\t<\/div><\/figure><figure class='gallery-item'>\n\t\t\t<div class='gallery-icon landscape'>\n\t\t\t\t<img loading=\"lazy\" decoding=\"async\" width=\"110\" height=\"83\" src=\"https:\/\/www.tronatic-studio.com\/wp-content\/uploads\/2021\/09\/Logo-blanc.png\" class=\"attachment-thumbnail size-thumbnail\" alt=\"Logo m6\" \/>\n\t\t\t<\/div><\/figure><figure class='gallery-item'>\n\t\t\t<div class='gallery-icon landscape'>\n\t\t\t\t<img loading=\"lazy\" decoding=\"async\" width=\"150\" height=\"113\" src=\"https:\/\/www.tronatic-studio.com\/wp-content\/uploads\/2021\/09\/Logo-BK_White_Bigger-150x113.png\" class=\"attachment-thumbnail size-thumbnail\" alt=\"\" \/>\n\t\t\t<\/div><\/figure><figure class='gallery-item'>\n\t\t\t<div class='gallery-icon landscape'>\n\t\t\t\t<img loading=\"lazy\" decoding=\"async\" width=\"110\" height=\"110\" src=\"https:\/\/www.tronatic-studio.com\/wp-content\/uploads\/2022\/01\/Riot_Games_Logo_White_V2.png\" class=\"attachment-thumbnail size-thumbnail\" alt=\"\" \/>\n\t\t\t<\/div><\/figure><figure class='gallery-item'>\n\t\t\t<div class='gallery-icon landscape'>\n\t\t\t\t<img loading=\"lazy\" decoding=\"async\" width=\"150\" height=\"150\" src=\"https:\/\/www.tronatic-studio.com\/wp-content\/uploads\/2022\/02\/Red-Bull-Logo_White-150x150.png\" class=\"attachment-thumbnail size-thumbnail\" alt=\"\" srcset=\"https:\/\/www.tronatic-studio.com\/wp-content\/uploads\/2022\/02\/Red-Bull-Logo_White-150x150.png 150w, https:\/\/www.tronatic-studio.com\/wp-content\/uploads\/2022\/02\/Red-Bull-Logo_White-300x300.png 300w, https:\/\/www.tronatic-studio.com\/wp-content\/uploads\/2022\/02\/Red-Bull-Logo_White-1024x1024.png 1024w, https:\/\/www.tronatic-studio.com\/wp-content\/uploads\/2022\/02\/Red-Bull-Logo_White-768x768.png 768w, https:\/\/www.tronatic-studio.com\/wp-content\/uploads\/2022\/02\/Red-Bull-Logo_White-1536x1536.png 1536w, https:\/\/www.tronatic-studio.com\/wp-content\/uploads\/2022\/02\/Red-Bull-Logo_White-2048x2048.png 2048w, https:\/\/www.tronatic-studio.com\/wp-content\/uploads\/2022\/02\/Red-Bull-Logo_White-e1656318776597.png 110w\" sizes=\"(max-width: 150px) 100vw, 150px\" \/>\n\t\t\t<\/div><\/figure><figure class='gallery-item'>\n\t\t\t<div class='gallery-icon landscape'>\n\t\t\t\t<img loading=\"lazy\" decoding=\"async\" width=\"150\" height=\"150\" src=\"https:\/\/www.tronatic-studio.com\/wp-content\/uploads\/2022\/02\/Logo-Prada-Blanc-150x150.png\" class=\"attachment-thumbnail size-thumbnail\" alt=\"\" srcset=\"https:\/\/www.tronatic-studio.com\/wp-content\/uploads\/2022\/02\/Logo-Prada-Blanc-150x150.png 150w, https:\/\/www.tronatic-studio.com\/wp-content\/uploads\/2022\/02\/Logo-Prada-Blanc-300x300.png 300w, https:\/\/www.tronatic-studio.com\/wp-content\/uploads\/2022\/02\/Logo-Prada-Blanc-1024x1024.png 1024w, https:\/\/www.tronatic-studio.com\/wp-content\/uploads\/2022\/02\/Logo-Prada-Blanc-768x768.png 768w, https:\/\/www.tronatic-studio.com\/wp-content\/uploads\/2022\/02\/Logo-Prada-Blanc-1536x1536.png 1536w, https:\/\/www.tronatic-studio.com\/wp-content\/uploads\/2022\/02\/Logo-Prada-Blanc-2048x2048.png 2048w, https:\/\/www.tronatic-studio.com\/wp-content\/uploads\/2022\/02\/Logo-Prada-Blanc-e1654776059269.png 110w\" sizes=\"(max-width: 150px) 100vw, 150px\" \/>\n\t\t\t<\/div><\/figure><figure class='gallery-item'>\n\t\t\t<div class='gallery-icon landscape'>\n\t\t\t\t<img loading=\"lazy\" decoding=\"async\" width=\"150\" height=\"150\" src=\"https:\/\/www.tronatic-studio.com\/wp-content\/uploads\/2022\/03\/LogoXBOX_Blanc-150x150.png\" class=\"attachment-thumbnail size-thumbnail\" alt=\"\" srcset=\"https:\/\/www.tronatic-studio.com\/wp-content\/uploads\/2022\/03\/LogoXBOX_Blanc-150x150.png 150w, https:\/\/www.tronatic-studio.com\/wp-content\/uploads\/2022\/03\/LogoXBOX_Blanc-300x300.png 300w, https:\/\/www.tronatic-studio.com\/wp-content\/uploads\/2022\/03\/LogoXBOX_Blanc-1024x1024.png 1024w, https:\/\/www.tronatic-studio.com\/wp-content\/uploads\/2022\/03\/LogoXBOX_Blanc-768x768.png 768w, https:\/\/www.tronatic-studio.com\/wp-content\/uploads\/2022\/03\/LogoXBOX_Blanc-1536x1536.png 1536w, https:\/\/www.tronatic-studio.com\/wp-content\/uploads\/2022\/03\/LogoXBOX_Blanc-2048x2048.png 2048w, https:\/\/www.tronatic-studio.com\/wp-content\/uploads\/2022\/03\/LogoXBOX_Blanc-e1652090377969.png 110w\" sizes=\"(max-width: 150px) 100vw, 150px\" \/>\n\t\t\t<\/div><\/figure><figure class='gallery-item'>\n\t\t\t<div class='gallery-icon landscape'>\n\t\t\t\t<img loading=\"lazy\" decoding=\"async\" width=\"150\" height=\"150\" src=\"https:\/\/www.tronatic-studio.com\/wp-content\/uploads\/2022\/06\/Logo_SNCF_Blanc-150x150.png\" class=\"attachment-thumbnail size-thumbnail\" alt=\"\" srcset=\"https:\/\/www.tronatic-studio.com\/wp-content\/uploads\/2022\/06\/Logo_SNCF_Blanc-150x150.png 150w, https:\/\/www.tronatic-studio.com\/wp-content\/uploads\/2022\/06\/Logo_SNCF_Blanc-300x300.png 300w, https:\/\/www.tronatic-studio.com\/wp-content\/uploads\/2022\/06\/Logo_SNCF_Blanc-1024x1024.png 1024w, https:\/\/www.tronatic-studio.com\/wp-content\/uploads\/2022\/06\/Logo_SNCF_Blanc-768x768.png 768w, https:\/\/www.tronatic-studio.com\/wp-content\/uploads\/2022\/06\/Logo_SNCF_Blanc-1536x1536.png 1536w, https:\/\/www.tronatic-studio.com\/wp-content\/uploads\/2022\/06\/Logo_SNCF_Blanc-2048x2048.png 2048w, https:\/\/www.tronatic-studio.com\/wp-content\/uploads\/2022\/06\/Logo_SNCF_Blanc-e1654776742494.png 110w\" sizes=\"(max-width: 150px) 100vw, 150px\" \/>\n\t\t\t<\/div><\/figure><figure class='gallery-item'>\n\t\t\t<div class='gallery-icon landscape'>\n\t\t\t\t<img loading=\"lazy\" decoding=\"async\" width=\"150\" height=\"150\" src=\"https:\/\/www.tronatic-studio.com\/wp-content\/uploads\/2024\/03\/Hisense_White-150x150.png\" class=\"attachment-thumbnail size-thumbnail\" alt=\"\" srcset=\"https:\/\/www.tronatic-studio.com\/wp-content\/uploads\/2024\/03\/Hisense_White-150x150.png 150w, https:\/\/www.tronatic-studio.com\/wp-content\/uploads\/2024\/03\/Hisense_White-300x300.png 300w, https:\/\/www.tronatic-studio.com\/wp-content\/uploads\/2024\/03\/Hisense_White-1024x1024.png 1024w, https:\/\/www.tronatic-studio.com\/wp-content\/uploads\/2024\/03\/Hisense_White-768x768.png 768w, https:\/\/www.tronatic-studio.com\/wp-content\/uploads\/2024\/03\/Hisense_White-1536x1536.png 1536w, https:\/\/www.tronatic-studio.com\/wp-content\/uploads\/2024\/03\/Hisense_White-2048x2048.png 2048w\" sizes=\"(max-width: 150px) 100vw, 150px\" \/>\n\t\t\t<\/div><\/figure><figure class='gallery-item'>\n\t\t\t<div class='gallery-icon landscape'>\n\t\t\t\t<img loading=\"lazy\" decoding=\"async\" width=\"150\" height=\"150\" src=\"https:\/\/www.tronatic-studio.com\/wp-content\/uploads\/2023\/01\/Logo-Marvel-Studio-Gris_1-150x150.png\" class=\"attachment-thumbnail size-thumbnail\" alt=\"\" srcset=\"https:\/\/www.tronatic-studio.com\/wp-content\/uploads\/2023\/01\/Logo-Marvel-Studio-Gris_1-150x150.png 150w, https:\/\/www.tronatic-studio.com\/wp-content\/uploads\/2023\/01\/Logo-Marvel-Studio-Gris_1-300x300.png 300w, https:\/\/www.tronatic-studio.com\/wp-content\/uploads\/2023\/01\/Logo-Marvel-Studio-Gris_1-1024x1024.png 1024w, https:\/\/www.tronatic-studio.com\/wp-content\/uploads\/2023\/01\/Logo-Marvel-Studio-Gris_1-768x768.png 768w, https:\/\/www.tronatic-studio.com\/wp-content\/uploads\/2023\/01\/Logo-Marvel-Studio-Gris_1-1536x1536.png 1536w, https:\/\/www.tronatic-studio.com\/wp-content\/uploads\/2023\/01\/Logo-Marvel-Studio-Gris_1-2048x2048.png 2048w, https:\/\/www.tronatic-studio.com\/wp-content\/uploads\/2023\/01\/Logo-Marvel-Studio-Gris_1-e1674555274587.png 110w\" sizes=\"(max-width: 150px) 100vw, 150px\" \/>\n\t\t\t<\/div><\/figure>\n\t\t<\/div>\n\t\t<\/div>\n\t\t\t\t\t\t<\/div>\n\t\t\t\t<\/div>\n\t\t\t\t<\/div>\n\t\t<div class=\"elementor-element elementor-element-d564fc6 e-con-full e-flex e-con e-child\" data-id=\"d564fc6\" data-element_type=\"container\" data-e-type=\"container\">\n\t\t\t\t<div class=\"elementor-element elementor-element-e2c5c53 elementor-widget elementor-widget-image\" data-id=\"e2c5c53\" data-element_type=\"widget\" data-e-type=\"widget\" data-widget_type=\"image.default\">\n\t\t\t\t<div class=\"elementor-widget-container\">\n\t\t\t\t\t\t\t\t\t\t\t\t\t\t\t<img loading=\"lazy\" decoding=\"async\" width=\"666\" height=\"351\" src=\"https:\/\/www.tronatic-studio.com\/wp-content\/uploads\/2020\/10\/Atalowv2-e1633959305196.png\" class=\"attachment-large size-large wp-image-1766\" alt=\"Mathieu GASQ Atalow\" \/>\t\t\t\t\t\t\t\t\t\t\t\t\t\t\t<\/div>\n\t\t\t\t<\/div>\n\t\t\t\t<div class=\"elementor-element elementor-element-be01711 elementor-widget elementor-widget-text-editor\" data-id=\"be01711\" data-element_type=\"widget\" data-e-type=\"widget\" data-widget_type=\"text-editor.default\">\n\t\t\t\t<div class=\"elementor-widget-container\">\n\t\t\t\t\t\t\t\t\t<p>Mathieu GASQ<br \/>Aka ATALOW<\/p><p>G\u00e9rant<br \/>Superviseur VFX<br \/>Designer<\/p>\t\t\t\t\t\t\t\t<\/div>\n\t\t\t\t<\/div>\n\t\t\t\t<\/div>\n\t\t\t\t<\/div>\n\t\t\t\t<\/div>\n\t\t","protected":false},"excerpt":{"rendered":"<p>Fond\u00e9 en 2011 par notre superviseur VFX Mathieu Gasq (Atalow), Tronatic Studio s&rsquo;est forg\u00e9 une r\u00e9putation gr\u00e2ce \u00e0 sa cr\u00e9ativit\u00e9 et \u00e0 son innovation constante. Toujours \u00e0 l&rsquo;avant-garde des nouvelles technologies et \u00e9quip\u00e9 de ses propres infrastructures, le studio collabore avec des clients prestigieux tels que Canal +, Endemol, et France T\u00e9l\u00e9visions. Aujourd&rsquo;hui, Tronatic Studio [&hellip;]<\/p>\n","protected":false},"author":7,"featured_media":0,"parent":0,"menu_order":11,"comment_status":"closed","ping_status":"closed","template":"","meta":{"_acf_changed":false,"footnotes":""},"class_list":["post-6901","page","type-page","status-publish","hentry"],"acf":[],"aioseo_notices":[],"_links":{"self":[{"href":"https:\/\/www.tronatic-studio.com\/fr\/wp-json\/wp\/v2\/pages\/6901","targetHints":{"allow":["GET"]}}],"collection":[{"href":"https:\/\/www.tronatic-studio.com\/fr\/wp-json\/wp\/v2\/pages"}],"about":[{"href":"https:\/\/www.tronatic-studio.com\/fr\/wp-json\/wp\/v2\/types\/page"}],"author":[{"embeddable":true,"href":"https:\/\/www.tronatic-studio.com\/fr\/wp-json\/wp\/v2\/users\/7"}],"replies":[{"embeddable":true,"href":"https:\/\/www.tronatic-studio.com\/fr\/wp-json\/wp\/v2\/comments?post=6901"}],"version-history":[{"count":0,"href":"https:\/\/www.tronatic-studio.com\/fr\/wp-json\/wp\/v2\/pages\/6901\/revisions"}],"wp:attachment":[{"href":"https:\/\/www.tronatic-studio.com\/fr\/wp-json\/wp\/v2\/media?parent=6901"}],"curies":[{"name":"wp","href":"https:\/\/api.w.org\/{rel}","templated":true}]}}