{"id":5924,"date":"2024-10-03T20:51:44","date_gmt":"2024-10-03T18:51:44","guid":{"rendered":"https:\/\/www.tronatic-studio.com\/?page_id=5924"},"modified":"2025-02-13T14:21:02","modified_gmt":"2025-02-13T13:21:02","slug":"cgi","status":"publish","type":"page","link":"https:\/\/www.tronatic-studio.com\/fr\/cgi\/","title":{"rendered":"CGI"},"content":{"rendered":"\t\t<div data-elementor-type=\"wp-page\" data-elementor-id=\"5924\" class=\"elementor elementor-5924\" data-elementor-post-type=\"page\">\n\t\t\t\t<div class=\"elementor-element elementor-element-08a13a8 e-con-full e-flex e-con e-parent\" data-id=\"08a13a8\" data-element_type=\"container\" data-e-type=\"container\" data-settings=\"{&quot;background_background&quot;:&quot;slideshow&quot;,&quot;background_slideshow_gallery&quot;:[{&quot;id&quot;:1358,&quot;url&quot;:&quot;https:\\\/\\\/www.tronatic-studio.com\\\/wp-content\\\/uploads\\\/2020\\\/04\\\/Gwardian_13.png&quot;},{&quot;id&quot;:5893,&quot;url&quot;:&quot;https:\\\/\\\/www.tronatic-studio.com\\\/wp-content\\\/uploads\\\/2024\\\/09\\\/KAIZEN_Intro_Inoxtag_TronaticStudio_48.png&quot;},{&quot;id&quot;:5382,&quot;url&quot;:&quot;https:\\\/\\\/www.tronatic-studio.com\\\/wp-content\\\/uploads\\\/2023\\\/09\\\/Le-Rouge-Francais_6.png&quot;},{&quot;id&quot;:5084,&quot;url&quot;:&quot;https:\\\/\\\/www.tronatic-studio.com\\\/wp-content\\\/uploads\\\/2023\\\/02\\\/Mechachain_3.png&quot;},{&quot;id&quot;:667,&quot;url&quot;:&quot;https:\\\/\\\/www.tronatic-studio.com\\\/wp-content\\\/uploads\\\/2020\\\/09\\\/Tube_compo_01_4Kb-scaled.jpg&quot;}],&quot;background_slideshow_transition_duration&quot;:2000,&quot;background_slideshow_loop&quot;:&quot;yes&quot;,&quot;background_slideshow_slide_duration&quot;:5000,&quot;background_slideshow_slide_transition&quot;:&quot;fade&quot;}\">\n\t\t\t\t<div class=\"elementor-element elementor-element-f512363 elementor-widget__width-initial elementor-widget elementor-widget-text-editor\" data-id=\"f512363\" data-element_type=\"widget\" data-e-type=\"widget\" data-widget_type=\"text-editor.default\">\n\t\t\t\t<div class=\"elementor-widget-container\">\n\t\t\t\t\t\t\t\t\t<p><strong>Valorisez vos projets avec l&rsquo;animation 3D !<\/strong><\/p><p>Nous cr\u00e9ons et animons des images 3D, qu&rsquo;elles soient photor\u00e9alistes ou stylis\u00e9es, pour r\u00e9pondre \u00e0 vos besoins en divertissement, industrie, ou architecture. De la conception artistique (script, concept art, storyboard) \u00e0 la production finale, nous offrons un accompagnement complet pour donner vie \u00e0 vos id\u00e9es.<\/p><p><strong>Divertissement<\/strong> : Cr\u00e9ation et animation 3D pour films, web-s\u00e9ries, publicit\u00e9s, etc., avec des techniques de CGI et VFX de haute qualit\u00e9.<\/p><p><strong>Industrie<\/strong> : Visualisation 3D photor\u00e9aliste de projets techniques, pour des pr\u00e9sentations ou des vid\u00e9os explicatives, afin de faciliter le processus de validation.<\/p><p>Gr\u00e2ce \u00e0 notre service VFX (effets sp\u00e9ciaux), nous pouvons \u00e9galement int\u00e9grer votre projet sur site en vid\u00e9os et\/ou en photos (prise de vue sol et\/ou drone).<\/p><p>En plus de vous proposer une r\u00e9ponse visuelle en ad\u00e9quation avec votre univers, nous vous proposons de sonoriser (musique d\u2019ambiance, g\u00e9n\u00e9rique, sound-design\u2026 ) vos projets gr\u00e2ce \u00e0 notre compositeur.<\/p><p><strong>Chacun de vos r\u00eaves est un nouveau challenge que nous sommes impatients d\u2019animer.<\/strong><\/p>\t\t\t\t\t\t\t\t<\/div>\n\t\t\t\t<\/div>\n\t\t\t\t<div class=\"elementor-element elementor-element-3c8de7d elementor-nav-menu--dropdown-none elementor-nav-menu__align-start elementor-widget elementor-widget-nav-menu\" data-id=\"3c8de7d\" data-element_type=\"widget\" data-e-type=\"widget\" data-settings=\"{&quot;layout&quot;:&quot;horizontal&quot;,&quot;submenu_icon&quot;:{&quot;value&quot;:&quot;&lt;svg aria-hidden=\\&quot;true\\&quot; class=\\&quot;e-font-icon-svg e-fas-caret-down\\&quot; viewBox=\\&quot;0 0 320 512\\&quot; xmlns=\\&quot;http:\\\/\\\/www.w3.org\\\/2000\\\/svg\\&quot;&gt;&lt;path d=\\&quot;M31.3 192h257.3c17.8 0 26.7 21.5 14.1 34.1L174.1 354.8c-7.8 7.8-20.5 7.8-28.3 0L17.2 226.1C4.6 213.5 13.5 192 31.3 192z\\&quot;&gt;&lt;\\\/path&gt;&lt;\\\/svg&gt;&quot;,&quot;library&quot;:&quot;fa-solid&quot;}}\" data-widget_type=\"nav-menu.default\">\n\t\t\t\t<div class=\"elementor-widget-container\">\n\t\t\t\t\t\t\t\t<nav aria-label=\"Menu\" class=\"elementor-nav-menu--main elementor-nav-menu__container elementor-nav-menu--layout-horizontal e--pointer-underline e--animation-fade\">\n\t\t\t\t<ul id=\"menu-1-3c8de7d\" class=\"elementor-nav-menu\"><li class=\"menu-item menu-item-type-post_type menu-item-object-page menu-item-5935\"><a href=\"https:\/\/www.tronatic-studio.com\/fr\/vfx\/\" class=\"elementor-item\">VFX<\/a><\/li>\n<li class=\"menu-item menu-item-type-post_type menu-item-object-page menu-item-5934\"><a href=\"https:\/\/www.tronatic-studio.com\/fr\/cgi\/\" class=\"elementor-item\">CGI<\/a><\/li>\n<li class=\"menu-item menu-item-type-post_type menu-item-object-page menu-item-5933\"><a href=\"https:\/\/www.tronatic-studio.com\/fr\/design\/\" class=\"elementor-item\">DESIGN<\/a><\/li>\n<\/ul>\t\t\t<\/nav>\n\t\t\t\t\t\t<nav class=\"elementor-nav-menu--dropdown elementor-nav-menu__container\" aria-hidden=\"true\">\n\t\t\t\t<ul id=\"menu-2-3c8de7d\" class=\"elementor-nav-menu\"><li class=\"menu-item menu-item-type-post_type menu-item-object-page menu-item-5935\"><a href=\"https:\/\/www.tronatic-studio.com\/fr\/vfx\/\" class=\"elementor-item\" tabindex=\"-1\">VFX<\/a><\/li>\n<li class=\"menu-item menu-item-type-post_type menu-item-object-page menu-item-5934\"><a href=\"https:\/\/www.tronatic-studio.com\/fr\/cgi\/\" class=\"elementor-item\" tabindex=\"-1\">CGI<\/a><\/li>\n<li class=\"menu-item menu-item-type-post_type menu-item-object-page menu-item-5933\"><a href=\"https:\/\/www.tronatic-studio.com\/fr\/design\/\" class=\"elementor-item\" tabindex=\"-1\">DESIGN<\/a><\/li>\n<\/ul>\t\t\t<\/nav>\n\t\t\t\t\t\t<\/div>\n\t\t\t\t<\/div>\n\t\t\t\t<\/div>\n\t\t\t\t<\/div>\n\t\t","protected":false},"excerpt":{"rendered":"<p>Valorisez vos projets avec l&rsquo;animation 3D ! Nous cr\u00e9ons et animons des images 3D, qu&rsquo;elles soient photor\u00e9alistes ou stylis\u00e9es, pour r\u00e9pondre \u00e0 vos besoins en divertissement, industrie, ou architecture. De la conception artistique (script, concept art, storyboard) \u00e0 la production finale, nous offrons un accompagnement complet pour donner vie \u00e0 vos id\u00e9es. Divertissement : Cr\u00e9ation [&hellip;]<\/p>\n","protected":false},"author":7,"featured_media":0,"parent":0,"menu_order":8,"comment_status":"closed","ping_status":"closed","template":"","meta":{"_acf_changed":false,"footnotes":""},"class_list":["post-5924","page","type-page","status-publish","hentry"],"acf":[],"aioseo_notices":[],"_links":{"self":[{"href":"https:\/\/www.tronatic-studio.com\/fr\/wp-json\/wp\/v2\/pages\/5924","targetHints":{"allow":["GET"]}}],"collection":[{"href":"https:\/\/www.tronatic-studio.com\/fr\/wp-json\/wp\/v2\/pages"}],"about":[{"href":"https:\/\/www.tronatic-studio.com\/fr\/wp-json\/wp\/v2\/types\/page"}],"author":[{"embeddable":true,"href":"https:\/\/www.tronatic-studio.com\/fr\/wp-json\/wp\/v2\/users\/7"}],"replies":[{"embeddable":true,"href":"https:\/\/www.tronatic-studio.com\/fr\/wp-json\/wp\/v2\/comments?post=5924"}],"version-history":[{"count":0,"href":"https:\/\/www.tronatic-studio.com\/fr\/wp-json\/wp\/v2\/pages\/5924\/revisions"}],"wp:attachment":[{"href":"https:\/\/www.tronatic-studio.com\/fr\/wp-json\/wp\/v2\/media?parent=5924"}],"curies":[{"name":"wp","href":"https:\/\/api.w.org\/{rel}","templated":true}]}}