{"id":5922,"date":"2024-10-03T20:51:34","date_gmt":"2024-10-03T18:51:34","guid":{"rendered":"https:\/\/www.tronatic-studio.com\/?page_id=5922"},"modified":"2025-02-13T14:21:03","modified_gmt":"2025-02-13T13:21:03","slug":"vfx","status":"publish","type":"page","link":"https:\/\/www.tronatic-studio.com\/fr\/vfx\/","title":{"rendered":"VFX"},"content":{"rendered":"\t\t<div data-elementor-type=\"wp-page\" data-elementor-id=\"5922\" class=\"elementor elementor-5922\" data-elementor-post-type=\"page\">\n\t\t\t\t<div class=\"elementor-element elementor-element-c2f32cb e-con-full e-flex e-con e-parent\" data-id=\"c2f32cb\" data-element_type=\"container\" data-e-type=\"container\" data-settings=\"{&quot;background_background&quot;:&quot;slideshow&quot;,&quot;background_slideshow_gallery&quot;:[{&quot;id&quot;:4988,&quot;url&quot;:&quot;https:\\\/\\\/www.tronatic-studio.com\\\/wp-content\\\/uploads\\\/2023\\\/01\\\/Campus-Avengers_5.png&quot;},{&quot;id&quot;:5614,&quot;url&quot;:&quot;https:\\\/\\\/www.tronatic-studio.com\\\/wp-content\\\/uploads\\\/2023\\\/04\\\/Ada_VFX_TronaticStudio_8.png&quot;},{&quot;id&quot;:5699,&quot;url&quot;:&quot;https:\\\/\\\/www.tronatic-studio.com\\\/wp-content\\\/uploads\\\/2023\\\/06\\\/Les_Traitres_vignette_projet_2-e1711102187396.png&quot;},{&quot;id&quot;:5141,&quot;url&quot;:&quot;https:\\\/\\\/www.tronatic-studio.com\\\/wp-content\\\/uploads\\\/2023\\\/02\\\/Inoxtag_Everest_21.png&quot;},{&quot;id&quot;:5083,&quot;url&quot;:&quot;https:\\\/\\\/www.tronatic-studio.com\\\/wp-content\\\/uploads\\\/2023\\\/02\\\/Mechachain_2.png&quot;}],&quot;background_slideshow_transition_duration&quot;:2000,&quot;background_slideshow_loop&quot;:&quot;yes&quot;,&quot;background_slideshow_slide_duration&quot;:5000,&quot;background_slideshow_slide_transition&quot;:&quot;fade&quot;}\">\n\t\t\t\t<div class=\"elementor-element elementor-element-0c72052 elementor-widget__width-initial elementor-widget elementor-widget-text-editor\" data-id=\"0c72052\" data-element_type=\"widget\" data-e-type=\"widget\" data-widget_type=\"text-editor.default\">\n\t\t\t\t<div class=\"elementor-widget-container\">\n\t\t\t\t\t\t\t\t\t<p><strong>Vous avez un r\u00eave ? Nous le r\u00e9alisons.<\/strong><\/p><p>Gr\u00e2ce \u00e0 votre cahier des charges et vos instructions, nous vous proposons et r\u00e9alisons des modifications\/trucages sur votre film et ainsi, donner une nouvelle dimension \u00e0 votre univers.<\/p><p><strong>VFX artistique :<\/strong><br \/>Nous cr\u00e9ons votre univers sans limite : en passant par la cr\u00e9ation de b\u00e2timents\/ville, de v\u00e9hicules, d&rsquo;accessoires, de personnages, ou de cr\u00e9atures, le tout mod\u00e9lis\u00e9 pour vous et incrust\u00e9 sur l&rsquo;image. Il est tout aussi possible d&rsquo;incruster les acteurs dans votre univers, gr\u00e2ce \u00e0 l&rsquo;utilisation de fond vert.<\/p><p><strong>VFX d&rsquo;am\u00e9lioration :<\/strong><br \/>L&rsquo;id\u00e9e est de reproduire\/am\u00e9liorer des effets r\u00e9els, avec plus de souplesse, de simplicit\u00e9 et une meilleure configuration qu&rsquo;un effet plateau. Ainsi, nous pouvons \u00e9toffer ou ajouter des effets de r\u00e9action (explosions, ondes de choc, fissures&#8230;), des effets atmosph\u00e9riques (pluie, brume, neige&#8230;) et des am\u00e9liorations visuels. (Cicatrices, impacts, traces de sang, flash\/lumi\u00e8re )<\/p><p><strong>VFX invisibles :<\/strong><br \/>Il n&rsquo;est jamais bien simple d&rsquo;avoir le cadre parfait, et bien souvent des d\u00e9fauts \u00e0 l&rsquo;image surviennent lors du tournage. Nous pouvons ainsi r\u00e9aliser des effacements de reflet, de panneaux, personnage en arri\u00e8re-plan, perches, \u00e9quipe technique&#8230; Ou bien rajouter des \u00e9l\u00e9ments manquant lors du tournage comme des affiches, panneaux, v\u00e9hicules, b\u00e2timents, accessoires, etc.<\/p><p>Dans la plupart des cas, les effets sp\u00e9ciaux ne sont pas que des effets en post-production nous r\u00e9alisons ainsi accessoires, maquettes, d\u00e9cors, n\u00e9cessaires au tournage pour des VFX parfaits. En effet, notre service Design peut cr\u00e9er vos NFT, vos accessoires (bracelets, casques, armes sp\u00e9cifiques&#8230;), les r\u00e9aliser (techniques traditionnelles ou impressions 3D ) puis les \u00e9toffer\/am\u00e9liorer visuellement gr\u00e2ce aux VFX.<br \/>Afin de r\u00e9pondre au mieux \u00e0 vos attentes, nous n&rsquo;h\u00e9sitons pas \u00e0 acqu\u00e9rir et d\u00e9velopper de nouvelles technologies ou de nouvelles techniques, tel que la motion capture (mocap), la photogramm\u00e9trie (Scan 3D par photo), la cr\u00e9ation d&rsquo;images HDR (capture d&rsquo;environnement \u00e0 360\u00b0), traitement 3D st\u00e9r\u00e9oscopique (vid\u00e9o relief), etc.<\/p><p>Donnez vie \u00e0 vos r\u00eaves !<\/p>\t\t\t\t\t\t\t\t<\/div>\n\t\t\t\t<\/div>\n\t\t\t\t<div class=\"elementor-element elementor-element-29cb0e8 elementor-nav-menu--dropdown-none elementor-nav-menu__align-start elementor-widget elementor-widget-nav-menu\" data-id=\"29cb0e8\" data-element_type=\"widget\" data-e-type=\"widget\" data-settings=\"{&quot;layout&quot;:&quot;horizontal&quot;,&quot;submenu_icon&quot;:{&quot;value&quot;:&quot;&lt;svg aria-hidden=\\&quot;true\\&quot; class=\\&quot;e-font-icon-svg e-fas-caret-down\\&quot; viewBox=\\&quot;0 0 320 512\\&quot; xmlns=\\&quot;http:\\\/\\\/www.w3.org\\\/2000\\\/svg\\&quot;&gt;&lt;path d=\\&quot;M31.3 192h257.3c17.8 0 26.7 21.5 14.1 34.1L174.1 354.8c-7.8 7.8-20.5 7.8-28.3 0L17.2 226.1C4.6 213.5 13.5 192 31.3 192z\\&quot;&gt;&lt;\\\/path&gt;&lt;\\\/svg&gt;&quot;,&quot;library&quot;:&quot;fa-solid&quot;}}\" data-widget_type=\"nav-menu.default\">\n\t\t\t\t<div class=\"elementor-widget-container\">\n\t\t\t\t\t\t\t\t<nav aria-label=\"Menu\" class=\"elementor-nav-menu--main elementor-nav-menu__container elementor-nav-menu--layout-horizontal e--pointer-underline e--animation-fade\">\n\t\t\t\t<ul id=\"menu-1-29cb0e8\" class=\"elementor-nav-menu\"><li class=\"menu-item menu-item-type-post_type menu-item-object-page menu-item-5935\"><a href=\"https:\/\/www.tronatic-studio.com\/fr\/vfx\/\" class=\"elementor-item\">VFX<\/a><\/li>\n<li class=\"menu-item menu-item-type-post_type menu-item-object-page menu-item-5934\"><a href=\"https:\/\/www.tronatic-studio.com\/fr\/cgi\/\" class=\"elementor-item\">CGI<\/a><\/li>\n<li class=\"menu-item menu-item-type-post_type menu-item-object-page menu-item-5933\"><a href=\"https:\/\/www.tronatic-studio.com\/fr\/design\/\" class=\"elementor-item\">DESIGN<\/a><\/li>\n<\/ul>\t\t\t<\/nav>\n\t\t\t\t\t\t<nav class=\"elementor-nav-menu--dropdown elementor-nav-menu__container\" aria-hidden=\"true\">\n\t\t\t\t<ul id=\"menu-2-29cb0e8\" class=\"elementor-nav-menu\"><li class=\"menu-item menu-item-type-post_type menu-item-object-page menu-item-5935\"><a href=\"https:\/\/www.tronatic-studio.com\/fr\/vfx\/\" class=\"elementor-item\" tabindex=\"-1\">VFX<\/a><\/li>\n<li class=\"menu-item menu-item-type-post_type menu-item-object-page menu-item-5934\"><a href=\"https:\/\/www.tronatic-studio.com\/fr\/cgi\/\" class=\"elementor-item\" tabindex=\"-1\">CGI<\/a><\/li>\n<li class=\"menu-item menu-item-type-post_type menu-item-object-page menu-item-5933\"><a href=\"https:\/\/www.tronatic-studio.com\/fr\/design\/\" class=\"elementor-item\" tabindex=\"-1\">DESIGN<\/a><\/li>\n<\/ul>\t\t\t<\/nav>\n\t\t\t\t\t\t<\/div>\n\t\t\t\t<\/div>\n\t\t\t\t<\/div>\n\t\t\t\t<\/div>\n\t\t","protected":false},"excerpt":{"rendered":"<p>Vous avez un r\u00eave ? Nous le r\u00e9alisons. Gr\u00e2ce \u00e0 votre cahier des charges et vos instructions, nous vous proposons et r\u00e9alisons des modifications\/trucages sur votre film et ainsi, donner une nouvelle dimension \u00e0 votre univers. VFX artistique :Nous cr\u00e9ons votre univers sans limite : en passant par la cr\u00e9ation de b\u00e2timents\/ville, de v\u00e9hicules, d&rsquo;accessoires, [&hellip;]<\/p>\n","protected":false},"author":7,"featured_media":0,"parent":0,"menu_order":7,"comment_status":"closed","ping_status":"closed","template":"","meta":{"_acf_changed":false,"footnotes":""},"class_list":["post-5922","page","type-page","status-publish","hentry"],"acf":[],"aioseo_notices":[],"_links":{"self":[{"href":"https:\/\/www.tronatic-studio.com\/fr\/wp-json\/wp\/v2\/pages\/5922","targetHints":{"allow":["GET"]}}],"collection":[{"href":"https:\/\/www.tronatic-studio.com\/fr\/wp-json\/wp\/v2\/pages"}],"about":[{"href":"https:\/\/www.tronatic-studio.com\/fr\/wp-json\/wp\/v2\/types\/page"}],"author":[{"embeddable":true,"href":"https:\/\/www.tronatic-studio.com\/fr\/wp-json\/wp\/v2\/users\/7"}],"replies":[{"embeddable":true,"href":"https:\/\/www.tronatic-studio.com\/fr\/wp-json\/wp\/v2\/comments?post=5922"}],"version-history":[{"count":0,"href":"https:\/\/www.tronatic-studio.com\/fr\/wp-json\/wp\/v2\/pages\/5922\/revisions"}],"wp:attachment":[{"href":"https:\/\/www.tronatic-studio.com\/fr\/wp-json\/wp\/v2\/media?parent=5922"}],"curies":[{"name":"wp","href":"https:\/\/api.w.org\/{rel}","templated":true}]}}