{"id":5916,"date":"2024-10-03T20:50:29","date_gmt":"2024-10-03T18:50:29","guid":{"rendered":"https:\/\/www.tronatic-studio.com\/?page_id=5916"},"modified":"2025-12-15T12:07:38","modified_gmt":"2025-12-15T11:07:38","slug":"about","status":"publish","type":"page","link":"https:\/\/www.tronatic-studio.com\/fr\/about\/","title":{"rendered":"About"},"content":{"rendered":"\t\t<div data-elementor-type=\"wp-page\" data-elementor-id=\"5916\" class=\"elementor elementor-5916\" data-elementor-post-type=\"page\">\n\t\t\t\t<div class=\"elementor-element elementor-element-1fae111 e-con-full e-flex e-con e-parent\" data-id=\"1fae111\" data-element_type=\"container\" data-e-type=\"container\" data-settings=\"{&quot;background_background&quot;:&quot;classic&quot;}\">\n\t\t<div class=\"elementor-element elementor-element-4c0a8db e-con-full e-flex e-con e-child\" data-id=\"4c0a8db\" data-element_type=\"container\" data-e-type=\"container\">\n\t\t\t\t<div class=\"elementor-element elementor-element-819c1d4 elementor-widget__width-initial elementor-widget elementor-widget-text-editor\" data-id=\"819c1d4\" data-element_type=\"widget\" data-e-type=\"widget\" data-widget_type=\"text-editor.default\">\n\t\t\t\t<div class=\"elementor-widget-container\">\n\t\t\t\t\t\t\t\t\t<p>Fond\u00e9 en 2011 par Mathieu Gasq (Atalow), superviseur VFX, Tronatic Studio s&rsquo;est forg\u00e9 une r\u00e9putation gr\u00e2ce \u00e0 sa cr\u00e9ativit\u00e9 et \u00e0 son innovation constante. Toujours \u00e0 l&rsquo;avant-garde des nouvelles technologies et \u00e9quip\u00e9 de ses propres infrastructures, le studio collabore avec des clients prestigieux tels que Canal +, Endemol, et France T\u00e9l\u00e9visions.<\/p><p>Aujourd&rsquo;hui, Tronatic Studio offre un service complet, alliant VFX, CGI, animations 3D et design. Notre expertise couvre toutes les \u00e9tapes, du concept artistique \u00e0 la r\u00e9alisation technique, avec une ind\u00e9pendance technologique gr\u00e2ce \u00e0 des techniques avanc\u00e9es comme la photogramm\u00e9trie et la st\u00e9r\u00e9oscopie.<\/p><p>Chez Tronatic, la seule limite, c&rsquo;est l&rsquo;imagination&#8230; et encore !<\/p>\t\t\t\t\t\t\t\t<\/div>\n\t\t\t\t<\/div>\n\t\t\t\t<div class=\"elementor-element elementor-element-21e5af1 gallery-spacing-custom elementor-widget elementor-widget-image-gallery\" data-id=\"21e5af1\" data-element_type=\"widget\" data-e-type=\"widget\" id=\"logos_about\" data-widget_type=\"image-gallery.default\">\n\t\t\t\t<div class=\"elementor-widget-container\">\n\t\t\t\t\t\t\t<div class=\"elementor-image-gallery\">\n\t\t\t<div id='gallery-1' class='gallery galleryid-5916 gallery-columns-10 gallery-size-thumbnail'><figure class='gallery-item'>\n\t\t\t<div class='gallery-icon portrait'>\n\t\t\t\t<img decoding=\"async\" width=\"150\" height=\"150\" src=\"https:\/\/www.tronatic-studio.com\/wp-content\/uploads\/2020\/08\/Canal_Logo-Blanc_02-150x150.png\" class=\"attachment-thumbnail size-thumbnail\" alt=\"\" srcset=\"https:\/\/www.tronatic-studio.com\/wp-content\/uploads\/2020\/08\/Canal_Logo-Blanc_02-150x150.png 150w, https:\/\/www.tronatic-studio.com\/wp-content\/uploads\/2020\/08\/Canal_Logo-Blanc_02-11x12.png 11w\" sizes=\"(max-width: 150px) 100vw, 150px\" \/>\n\t\t\t<\/div><\/figure><figure class='gallery-item'>\n\t\t\t<div class='gallery-icon landscape'>\n\t\t\t\t<img decoding=\"async\" width=\"110\" height=\"31\" src=\"https:\/\/www.tronatic-studio.com\/wp-content\/uploads\/2020\/08\/webedia-logo-hover.png\" class=\"attachment-thumbnail size-thumbnail\" alt=\"\" \/>\n\t\t\t<\/div><\/figure><figure class='gallery-item'>\n\t\t\t<div class='gallery-icon landscape'>\n\t\t\t\t<img decoding=\"async\" width=\"150\" height=\"150\" src=\"https:\/\/www.tronatic-studio.com\/wp-content\/uploads\/2024\/03\/Hisense_White-150x150.png\" class=\"attachment-thumbnail size-thumbnail\" alt=\"\" srcset=\"https:\/\/www.tronatic-studio.com\/wp-content\/uploads\/2024\/03\/Hisense_White-150x150.png 150w, https:\/\/www.tronatic-studio.com\/wp-content\/uploads\/2024\/03\/Hisense_White-300x300.png 300w, https:\/\/www.tronatic-studio.com\/wp-content\/uploads\/2024\/03\/Hisense_White-1024x1024.png 1024w, https:\/\/www.tronatic-studio.com\/wp-content\/uploads\/2024\/03\/Hisense_White-768x768.png 768w, https:\/\/www.tronatic-studio.com\/wp-content\/uploads\/2024\/03\/Hisense_White-1536x1536.png 1536w, https:\/\/www.tronatic-studio.com\/wp-content\/uploads\/2024\/03\/Hisense_White-2048x2048.png 2048w\" sizes=\"(max-width: 150px) 100vw, 150px\" \/>\n\t\t\t<\/div><\/figure><figure class='gallery-item'>\n\t\t\t<div class='gallery-icon landscape'>\n\t\t\t\t<img loading=\"lazy\" decoding=\"async\" width=\"150\" height=\"150\" src=\"https:\/\/www.tronatic-studio.com\/wp-content\/uploads\/2023\/01\/Marvel_Logo_Clair-150x150.png\" class=\"attachment-thumbnail size-thumbnail\" alt=\"\" srcset=\"https:\/\/www.tronatic-studio.com\/wp-content\/uploads\/2023\/01\/Marvel_Logo_Clair-150x150.png 150w, https:\/\/www.tronatic-studio.com\/wp-content\/uploads\/2023\/01\/Marvel_Logo_Clair-300x300.png 300w, https:\/\/www.tronatic-studio.com\/wp-content\/uploads\/2023\/01\/Marvel_Logo_Clair-1024x1024.png 1024w, https:\/\/www.tronatic-studio.com\/wp-content\/uploads\/2023\/01\/Marvel_Logo_Clair-768x768.png 768w, https:\/\/www.tronatic-studio.com\/wp-content\/uploads\/2023\/01\/Marvel_Logo_Clair-12x12.png 12w, https:\/\/www.tronatic-studio.com\/wp-content\/uploads\/2023\/01\/Marvel_Logo_Clair.png 1200w\" sizes=\"(max-width: 150px) 100vw, 150px\" \/>\n\t\t\t<\/div><\/figure><figure class='gallery-item'>\n\t\t\t<div class='gallery-icon landscape'>\n\t\t\t\t<img loading=\"lazy\" decoding=\"async\" width=\"110\" height=\"95\" src=\"https:\/\/www.tronatic-studio.com\/wp-content\/uploads\/2020\/09\/logo_EndemolShineBeyond_MO.png\" class=\"attachment-thumbnail size-thumbnail\" alt=\"\" \/>\n\t\t\t<\/div><\/figure><figure class='gallery-item'>\n\t\t\t<div class='gallery-icon landscape'>\n\t\t\t\t<img loading=\"lazy\" decoding=\"async\" width=\"110\" height=\"95\" src=\"https:\/\/www.tronatic-studio.com\/wp-content\/uploads\/2021\/09\/Logo-Carte-Noire_White.png\" class=\"attachment-thumbnail size-thumbnail\" alt=\"\" \/>\n\t\t\t<\/div><\/figure><figure class='gallery-item'>\n\t\t\t<div class='gallery-icon landscape'>\n\t\t\t\t<img loading=\"lazy\" decoding=\"async\" width=\"110\" height=\"69\" src=\"https:\/\/www.tronatic-studio.com\/wp-content\/uploads\/2021\/09\/TF1_Logo_Petit_Blanc.png\" class=\"attachment-thumbnail size-thumbnail\" alt=\"\" \/>\n\t\t\t<\/div><\/figure><figure class='gallery-item'>\n\t\t\t<div class='gallery-icon landscape'>\n\t\t\t\t<img loading=\"lazy\" decoding=\"async\" width=\"110\" height=\"110\" src=\"https:\/\/www.tronatic-studio.com\/wp-content\/uploads\/2021\/09\/disneyland-paris-logo-white.png\" class=\"attachment-thumbnail size-thumbnail\" alt=\"\" \/>\n\t\t\t<\/div><\/figure><figure class='gallery-item'>\n\t\t\t<div class='gallery-icon landscape'>\n\t\t\t\t<img loading=\"lazy\" decoding=\"async\" width=\"110\" height=\"83\" src=\"https:\/\/www.tronatic-studio.com\/wp-content\/uploads\/2021\/09\/Logo-blanc.png\" class=\"attachment-thumbnail size-thumbnail\" alt=\"Logo m6\" \/>\n\t\t\t<\/div><\/figure><figure class='gallery-item'>\n\t\t\t<div class='gallery-icon landscape'>\n\t\t\t\t<img loading=\"lazy\" decoding=\"async\" width=\"150\" height=\"113\" src=\"https:\/\/www.tronatic-studio.com\/wp-content\/uploads\/2021\/09\/Logo-BK_White_Bigger-150x113.png\" class=\"attachment-thumbnail size-thumbnail\" alt=\"\" \/>\n\t\t\t<\/div><\/figure><figure class='gallery-item'>\n\t\t\t<div class='gallery-icon landscape'>\n\t\t\t\t<img loading=\"lazy\" decoding=\"async\" width=\"110\" height=\"110\" src=\"https:\/\/www.tronatic-studio.com\/wp-content\/uploads\/2022\/01\/Riot_Games_Logo_White_V2.png\" class=\"attachment-thumbnail size-thumbnail\" alt=\"\" \/>\n\t\t\t<\/div><\/figure><figure class='gallery-item'>\n\t\t\t<div class='gallery-icon landscape'>\n\t\t\t\t<img loading=\"lazy\" decoding=\"async\" width=\"150\" height=\"150\" src=\"https:\/\/www.tronatic-studio.com\/wp-content\/uploads\/2022\/02\/Red-Bull-Logo_White-150x150.png\" class=\"attachment-thumbnail size-thumbnail\" alt=\"\" srcset=\"https:\/\/www.tronatic-studio.com\/wp-content\/uploads\/2022\/02\/Red-Bull-Logo_White-150x150.png 150w, https:\/\/www.tronatic-studio.com\/wp-content\/uploads\/2022\/02\/Red-Bull-Logo_White-300x300.png 300w, https:\/\/www.tronatic-studio.com\/wp-content\/uploads\/2022\/02\/Red-Bull-Logo_White-1024x1024.png 1024w, https:\/\/www.tronatic-studio.com\/wp-content\/uploads\/2022\/02\/Red-Bull-Logo_White-768x768.png 768w, https:\/\/www.tronatic-studio.com\/wp-content\/uploads\/2022\/02\/Red-Bull-Logo_White-1536x1536.png 1536w, https:\/\/www.tronatic-studio.com\/wp-content\/uploads\/2022\/02\/Red-Bull-Logo_White-2048x2048.png 2048w, https:\/\/www.tronatic-studio.com\/wp-content\/uploads\/2022\/02\/Red-Bull-Logo_White-e1656318776597.png 110w\" sizes=\"(max-width: 150px) 100vw, 150px\" \/>\n\t\t\t<\/div><\/figure><figure class='gallery-item'>\n\t\t\t<div class='gallery-icon landscape'>\n\t\t\t\t<img loading=\"lazy\" decoding=\"async\" width=\"150\" height=\"150\" src=\"https:\/\/www.tronatic-studio.com\/wp-content\/uploads\/2022\/02\/Logo-Prada-Blanc-150x150.png\" class=\"attachment-thumbnail size-thumbnail\" alt=\"\" srcset=\"https:\/\/www.tronatic-studio.com\/wp-content\/uploads\/2022\/02\/Logo-Prada-Blanc-150x150.png 150w, https:\/\/www.tronatic-studio.com\/wp-content\/uploads\/2022\/02\/Logo-Prada-Blanc-300x300.png 300w, https:\/\/www.tronatic-studio.com\/wp-content\/uploads\/2022\/02\/Logo-Prada-Blanc-1024x1024.png 1024w, https:\/\/www.tronatic-studio.com\/wp-content\/uploads\/2022\/02\/Logo-Prada-Blanc-768x768.png 768w, https:\/\/www.tronatic-studio.com\/wp-content\/uploads\/2022\/02\/Logo-Prada-Blanc-1536x1536.png 1536w, https:\/\/www.tronatic-studio.com\/wp-content\/uploads\/2022\/02\/Logo-Prada-Blanc-2048x2048.png 2048w, https:\/\/www.tronatic-studio.com\/wp-content\/uploads\/2022\/02\/Logo-Prada-Blanc-e1654776059269.png 110w\" sizes=\"(max-width: 150px) 100vw, 150px\" \/>\n\t\t\t<\/div><\/figure><figure class='gallery-item'>\n\t\t\t<div class='gallery-icon landscape'>\n\t\t\t\t<img loading=\"lazy\" decoding=\"async\" width=\"150\" height=\"150\" src=\"https:\/\/www.tronatic-studio.com\/wp-content\/uploads\/2022\/03\/LogoXBOX_Blanc-150x150.png\" class=\"attachment-thumbnail size-thumbnail\" alt=\"\" srcset=\"https:\/\/www.tronatic-studio.com\/wp-content\/uploads\/2022\/03\/LogoXBOX_Blanc-150x150.png 150w, https:\/\/www.tronatic-studio.com\/wp-content\/uploads\/2022\/03\/LogoXBOX_Blanc-300x300.png 300w, https:\/\/www.tronatic-studio.com\/wp-content\/uploads\/2022\/03\/LogoXBOX_Blanc-1024x1024.png 1024w, https:\/\/www.tronatic-studio.com\/wp-content\/uploads\/2022\/03\/LogoXBOX_Blanc-768x768.png 768w, https:\/\/www.tronatic-studio.com\/wp-content\/uploads\/2022\/03\/LogoXBOX_Blanc-1536x1536.png 1536w, https:\/\/www.tronatic-studio.com\/wp-content\/uploads\/2022\/03\/LogoXBOX_Blanc-2048x2048.png 2048w, https:\/\/www.tronatic-studio.com\/wp-content\/uploads\/2022\/03\/LogoXBOX_Blanc-e1652090377969.png 110w\" sizes=\"(max-width: 150px) 100vw, 150px\" \/>\n\t\t\t<\/div><\/figure><figure class='gallery-item'>\n\t\t\t<div class='gallery-icon portrait'>\n\t\t\t\t<img loading=\"lazy\" decoding=\"async\" width=\"150\" height=\"150\" src=\"https:\/\/www.tronatic-studio.com\/wp-content\/uploads\/2024\/12\/SNCF_LOGO_2-1-150x150.png\" class=\"attachment-thumbnail size-thumbnail\" alt=\"\" srcset=\"https:\/\/www.tronatic-studio.com\/wp-content\/uploads\/2024\/12\/SNCF_LOGO_2-1-150x150.png 150w, https:\/\/www.tronatic-studio.com\/wp-content\/uploads\/2024\/12\/SNCF_LOGO_2-1-300x300.png 300w, https:\/\/www.tronatic-studio.com\/wp-content\/uploads\/2024\/12\/SNCF_LOGO_2-1-12x12.png 12w, https:\/\/www.tronatic-studio.com\/wp-content\/uploads\/2024\/12\/SNCF_LOGO_2-1.png 536w\" sizes=\"(max-width: 150px) 100vw, 150px\" \/>\n\t\t\t<\/div><\/figure><figure class='gallery-item'>\n\t\t\t<div class='gallery-icon landscape'>\n\t\t\t\t<img loading=\"lazy\" decoding=\"async\" width=\"150\" height=\"150\" src=\"https:\/\/www.tronatic-studio.com\/wp-content\/uploads\/2024\/05\/BONNE_PIOCHE_Logo_White-150x150.png\" class=\"attachment-thumbnail size-thumbnail\" alt=\"\" srcset=\"https:\/\/www.tronatic-studio.com\/wp-content\/uploads\/2024\/05\/BONNE_PIOCHE_Logo_White-150x150.png 150w, https:\/\/www.tronatic-studio.com\/wp-content\/uploads\/2024\/05\/BONNE_PIOCHE_Logo_White-300x300.png 300w, https:\/\/www.tronatic-studio.com\/wp-content\/uploads\/2024\/05\/BONNE_PIOCHE_Logo_White-1024x1024.png 1024w, https:\/\/www.tronatic-studio.com\/wp-content\/uploads\/2024\/05\/BONNE_PIOCHE_Logo_White-768x768.png 768w, https:\/\/www.tronatic-studio.com\/wp-content\/uploads\/2024\/05\/BONNE_PIOCHE_Logo_White-12x12.png 12w, https:\/\/www.tronatic-studio.com\/wp-content\/uploads\/2024\/05\/BONNE_PIOCHE_Logo_White.png 1255w\" sizes=\"(max-width: 150px) 100vw, 150px\" \/>\n\t\t\t<\/div><\/figure>\n\t\t<\/div>\n\t\t<\/div>\n\t\t\t\t\t\t<\/div>\n\t\t\t\t<\/div>\n\t\t\t\t<\/div>\n\t\t<div class=\"elementor-element elementor-element-d594dac e-con-full e-flex e-con e-child\" data-id=\"d594dac\" data-element_type=\"container\" data-e-type=\"container\">\n\t\t\t\t<div class=\"elementor-element elementor-element-68d0f9c elementor-widget elementor-widget-gallery\" data-id=\"68d0f9c\" data-element_type=\"widget\" data-e-type=\"widget\" data-settings=\"{&quot;columns&quot;:3,&quot;gap&quot;:{&quot;unit&quot;:&quot;px&quot;,&quot;size&quot;:3,&quot;sizes&quot;:[]},&quot;gallery_layout&quot;:&quot;grid&quot;,&quot;columns_tablet&quot;:2,&quot;columns_mobile&quot;:1,&quot;gap_widescreen&quot;:{&quot;unit&quot;:&quot;px&quot;,&quot;size&quot;:&quot;&quot;,&quot;sizes&quot;:[]},&quot;gap_tablet&quot;:{&quot;unit&quot;:&quot;px&quot;,&quot;size&quot;:10,&quot;sizes&quot;:[]},&quot;gap_mobile&quot;:{&quot;unit&quot;:&quot;px&quot;,&quot;size&quot;:10,&quot;sizes&quot;:[]},&quot;aspect_ratio&quot;:&quot;3:2&quot;,&quot;overlay_background&quot;:&quot;yes&quot;}\" data-widget_type=\"gallery.default\">\n\t\t\t\t<div class=\"elementor-widget-container\">\n\t\t\t\t\t\t\t<div class=\"elementor-gallery__container\">\n\t\t\t\t\t\t\t<div class=\"e-gallery-item elementor-gallery-item\">\n\t\t\t\t\t<div class=\"e-gallery-image elementor-gallery-item__image\" data-thumbnail=\"https:\/\/www.tronatic-studio.com\/wp-content\/uploads\/2024\/12\/IMG_20231030_083929477-768x576.png\" data-width=\"768\" data-height=\"576\" aria-label=\"\" role=\"img\" ><\/div>\n\t\t\t\t\t\t\t\t\t\t\t<div class=\"elementor-gallery-item__overlay\"><\/div>\n\t\t\t\t\t\t\t\t\t\t\t\t\t\t<\/div>\n\t\t\t\t\t\t\t<div class=\"e-gallery-item elementor-gallery-item\">\n\t\t\t\t\t<div class=\"e-gallery-image elementor-gallery-item__image\" data-thumbnail=\"https:\/\/www.tronatic-studio.com\/wp-content\/uploads\/2024\/12\/IMG_20240506_135725256-768x576.jpg\" data-width=\"768\" data-height=\"576\" aria-label=\"\" role=\"img\" ><\/div>\n\t\t\t\t\t\t\t\t\t\t\t<div class=\"elementor-gallery-item__overlay\"><\/div>\n\t\t\t\t\t\t\t\t\t\t\t\t\t\t<\/div>\n\t\t\t\t\t\t\t<div class=\"e-gallery-item elementor-gallery-item\">\n\t\t\t\t\t<div class=\"e-gallery-image elementor-gallery-item__image\" data-thumbnail=\"https:\/\/www.tronatic-studio.com\/wp-content\/uploads\/2024\/12\/Gzou_Red_01-768x512.jpg\" data-width=\"768\" data-height=\"512\" aria-label=\"\" role=\"img\" ><\/div>\n\t\t\t\t\t\t\t\t\t\t\t<div class=\"elementor-gallery-item__overlay\"><\/div>\n\t\t\t\t\t\t\t\t\t\t\t\t\t\t<\/div>\n\t\t\t\t\t\t\t<div class=\"e-gallery-item elementor-gallery-item\">\n\t\t\t\t\t<div class=\"e-gallery-image elementor-gallery-item__image\" data-thumbnail=\"https:\/\/www.tronatic-studio.com\/wp-content\/uploads\/2024\/12\/MAcky_01-768x512.jpg\" data-width=\"768\" data-height=\"512\" aria-label=\"\" role=\"img\" ><\/div>\n\t\t\t\t\t\t\t\t\t\t\t<div class=\"elementor-gallery-item__overlay\"><\/div>\n\t\t\t\t\t\t\t\t\t\t\t\t\t\t<\/div>\n\t\t\t\t\t\t\t<div class=\"e-gallery-item elementor-gallery-item\">\n\t\t\t\t\t<div class=\"e-gallery-image elementor-gallery-item__image\" data-thumbnail=\"https:\/\/www.tronatic-studio.com\/wp-content\/uploads\/2024\/07\/ADA_7_Un-film-de-Anais-Vachez_Produit-par-Bonne-Pioche-Cinema_Article-Tronatic-Studio-768x416.png\" data-width=\"768\" data-height=\"416\" aria-label=\"\" role=\"img\" ><\/div>\n\t\t\t\t\t\t\t\t\t\t\t<div class=\"elementor-gallery-item__overlay\"><\/div>\n\t\t\t\t\t\t\t\t\t\t\t\t\t\t<\/div>\n\t\t\t\t\t\t\t<div class=\"e-gallery-item elementor-gallery-item\">\n\t\t\t\t\t<div class=\"e-gallery-image elementor-gallery-item__image\" data-thumbnail=\"https:\/\/www.tronatic-studio.com\/wp-content\/uploads\/2024\/12\/Tournage_1-768x576.jpg\" data-width=\"768\" data-height=\"576\" aria-label=\"\" role=\"img\" ><\/div>\n\t\t\t\t\t\t\t\t\t\t\t<div class=\"elementor-gallery-item__overlay\"><\/div>\n\t\t\t\t\t\t\t\t\t\t\t\t\t\t<\/div>\n\t\t\t\t\t\t\t<div class=\"e-gallery-item elementor-gallery-item\">\n\t\t\t\t\t<div class=\"e-gallery-image elementor-gallery-item__image\" data-thumbnail=\"https:\/\/www.tronatic-studio.com\/wp-content\/uploads\/2024\/12\/LMP1-768x576.jpg\" data-width=\"768\" data-height=\"576\" aria-label=\"\" role=\"img\" ><\/div>\n\t\t\t\t\t\t\t\t\t\t\t<div class=\"elementor-gallery-item__overlay\"><\/div>\n\t\t\t\t\t\t\t\t\t\t\t\t\t\t<\/div>\n\t\t\t\t\t\t\t<div class=\"e-gallery-item elementor-gallery-item\">\n\t\t\t\t\t<div class=\"e-gallery-image elementor-gallery-item__image\" data-thumbnail=\"https:\/\/www.tronatic-studio.com\/wp-content\/uploads\/2024\/12\/IMG_20231030_133119043-768x578.png\" data-width=\"768\" data-height=\"578\" aria-label=\"\" role=\"img\" ><\/div>\n\t\t\t\t\t\t\t\t\t\t\t<div class=\"elementor-gallery-item__overlay\"><\/div>\n\t\t\t\t\t\t\t\t\t\t\t\t\t\t<\/div>\n\t\t\t\t\t\t\t<div class=\"e-gallery-item elementor-gallery-item\">\n\t\t\t\t\t<div class=\"e-gallery-image elementor-gallery-item__image\" data-thumbnail=\"https:\/\/www.tronatic-studio.com\/wp-content\/uploads\/2024\/12\/IMG_8178-2-768x512.png\" data-width=\"768\" data-height=\"512\" aria-label=\"\" role=\"img\" ><\/div>\n\t\t\t\t\t\t\t\t\t\t\t<div class=\"elementor-gallery-item__overlay\"><\/div>\n\t\t\t\t\t\t\t\t\t\t\t\t\t\t<\/div>\n\t\t\t\t\t\t\t<div class=\"e-gallery-item elementor-gallery-item\">\n\t\t\t\t\t<div class=\"e-gallery-image elementor-gallery-item__image\" data-thumbnail=\"https:\/\/www.tronatic-studio.com\/wp-content\/uploads\/2024\/12\/P_20210528_180458-768x432.jpg\" data-width=\"768\" data-height=\"432\" aria-label=\"\" role=\"img\" ><\/div>\n\t\t\t\t\t\t\t\t\t\t\t<div class=\"elementor-gallery-item__overlay\"><\/div>\n\t\t\t\t\t\t\t\t\t\t\t\t\t\t<\/div>\n\t\t\t\t\t\t\t<div class=\"e-gallery-item elementor-gallery-item\">\n\t\t\t\t\t<div class=\"e-gallery-image elementor-gallery-item__image\" data-thumbnail=\"https:\/\/www.tronatic-studio.com\/wp-content\/uploads\/2024\/12\/Atalow_Red_01_HD-768x512.jpg\" data-width=\"768\" data-height=\"512\" aria-label=\"\" role=\"img\" ><\/div>\n\t\t\t\t\t\t\t\t\t\t\t<div class=\"elementor-gallery-item__overlay\"><\/div>\n\t\t\t\t\t\t\t\t\t\t\t\t\t\t<\/div>\n\t\t\t\t\t\t\t<div class=\"e-gallery-item elementor-gallery-item\">\n\t\t\t\t\t<div class=\"e-gallery-image elementor-gallery-item__image\" data-thumbnail=\"https:\/\/www.tronatic-studio.com\/wp-content\/uploads\/2024\/12\/Atalow-768x395.png\" data-width=\"768\" data-height=\"395\" aria-label=\"\" role=\"img\" ><\/div>\n\t\t\t\t\t\t\t\t\t\t\t<div class=\"elementor-gallery-item__overlay\"><\/div>\n\t\t\t\t\t\t\t\t\t\t\t\t\t\t<\/div>\n\t\t\t\t\t<\/div>\n\t\t\t\t\t<\/div>\n\t\t\t\t<\/div>\n\t\t\t\t<\/div>\n\t\t\t\t<\/div>\n\t\t\t\t<\/div>\n\t\t","protected":false},"excerpt":{"rendered":"<p>Fond\u00e9 en 2011 par Mathieu Gasq (Atalow), superviseur VFX, Tronatic Studio s&rsquo;est forg\u00e9 une r\u00e9putation gr\u00e2ce \u00e0 sa cr\u00e9ativit\u00e9 et \u00e0 son innovation constante. Toujours \u00e0 l&rsquo;avant-garde des nouvelles technologies et \u00e9quip\u00e9 de ses propres infrastructures, le studio collabore avec des clients prestigieux tels que Canal +, Endemol, et France T\u00e9l\u00e9visions. Aujourd&rsquo;hui, Tronatic Studio offre [&hellip;]<\/p>\n","protected":false},"author":7,"featured_media":0,"parent":0,"menu_order":4,"comment_status":"closed","ping_status":"closed","template":"","meta":{"_acf_changed":false,"footnotes":""},"class_list":["post-5916","page","type-page","status-publish","hentry"],"acf":[],"aioseo_notices":[],"_links":{"self":[{"href":"https:\/\/www.tronatic-studio.com\/fr\/wp-json\/wp\/v2\/pages\/5916","targetHints":{"allow":["GET"]}}],"collection":[{"href":"https:\/\/www.tronatic-studio.com\/fr\/wp-json\/wp\/v2\/pages"}],"about":[{"href":"https:\/\/www.tronatic-studio.com\/fr\/wp-json\/wp\/v2\/types\/page"}],"author":[{"embeddable":true,"href":"https:\/\/www.tronatic-studio.com\/fr\/wp-json\/wp\/v2\/users\/7"}],"replies":[{"embeddable":true,"href":"https:\/\/www.tronatic-studio.com\/fr\/wp-json\/wp\/v2\/comments?post=5916"}],"version-history":[{"count":3,"href":"https:\/\/www.tronatic-studio.com\/fr\/wp-json\/wp\/v2\/pages\/5916\/revisions"}],"predecessor-version":[{"id":8079,"href":"https:\/\/www.tronatic-studio.com\/fr\/wp-json\/wp\/v2\/pages\/5916\/revisions\/8079"}],"wp:attachment":[{"href":"https:\/\/www.tronatic-studio.com\/fr\/wp-json\/wp\/v2\/media?parent=5916"}],"curies":[{"name":"wp","href":"https:\/\/api.w.org\/{rel}","templated":true}]}}