{"id":5914,"date":"2024-10-03T20:47:52","date_gmt":"2024-10-03T18:47:52","guid":{"rendered":"https:\/\/www.tronatic-studio.com\/?page_id=5914"},"modified":"2024-12-19T09:34:30","modified_gmt":"2024-12-19T08:34:30","slug":"services","status":"publish","type":"page","link":"https:\/\/www.tronatic-studio.com\/fr\/services\/","title":{"rendered":"Services"},"content":{"rendered":"\t\t<div data-elementor-type=\"wp-page\" data-elementor-id=\"5914\" class=\"elementor elementor-5914\" data-elementor-post-type=\"page\">\n\t\t\t\t<div class=\"elementor-element elementor-element-7d396b3 e-con-full e-flex e-con e-parent\" data-id=\"7d396b3\" data-element_type=\"container\" data-e-type=\"container\" data-settings=\"{&quot;background_background&quot;:&quot;classic&quot;}\">\n\t\t\t\t<div class=\"elementor-element elementor-element-3bf06b6 elementor-widget__width-initial elementor-widget elementor-widget-text-editor\" data-id=\"3bf06b6\" data-element_type=\"widget\" data-e-type=\"widget\" data-widget_type=\"text-editor.default\">\n\t\t\t\t<div class=\"elementor-widget-container\">\n\t\t\t\t\t\t\t\t\t<p>Tronatic Studio est un studio de VFX, CGI et Design sp\u00e9cialis\u00e9 dans la cr\u00e9ation d&rsquo;effets visuels pour des longs m\u00e9trages, s\u00e9ries et publicit\u00e9s.<br \/>Partout dans le monde, nous collaborons avec les plus grands talents pour cr\u00e9er des exp\u00e9riences visuelles immersives et inoubliables.<\/p><p>Soutenus par une <strong>infrastructure solide<\/strong>, nos p\u00f4les <strong>VFX<\/strong>, <strong>CGI<\/strong>, et <strong>Design<\/strong> offrent chacun une expertise pointue et ind\u00e9pendante. Ensemble, ils permettent une int\u00e9gration visuelle compl\u00e8te, garantissant une qualit\u00e9 et une coh\u00e9sion sans faille, m\u00eame sur les projets les plus ambitieux.<\/p><p><!-- notionvc: a7a18509-17df-4c55-b7df-889f4de07106 --><\/p><p>Aujourd&rsquo;hui, Tronatic Studio offre un service complet, alliant VFX, CGI, animations 3D, design et NFT. Notre expertise couvre toutes les \u00e9tapes, du concept artistique \u00e0 la r\u00e9alisation technique, avec une ind\u00e9pendance technologique gr\u00e2ce \u00e0 notre ferme de rendu interne et des techniques avanc\u00e9es comme la photogramm\u00e9trie et la st\u00e9r\u00e9oscopie.<\/p><p>Chez Tronatic, la seule limite, c&rsquo;est l&rsquo;imagination&#8230; et encore !<\/p><p>D\u00e9couvrez nos diff\u00e9rentes services :<\/p>\t\t\t\t\t\t\t\t<\/div>\n\t\t\t\t<\/div>\n\t\t\t\t<div class=\"elementor-element elementor-element-be30825 elementor-nav-menu--dropdown-none elementor-nav-menu__align-start elementor-widget elementor-widget-nav-menu\" data-id=\"be30825\" data-element_type=\"widget\" data-e-type=\"widget\" data-settings=\"{&quot;layout&quot;:&quot;horizontal&quot;,&quot;submenu_icon&quot;:{&quot;value&quot;:&quot;&lt;svg aria-hidden=\\&quot;true\\&quot; class=\\&quot;e-font-icon-svg e-fas-caret-down\\&quot; viewBox=\\&quot;0 0 320 512\\&quot; xmlns=\\&quot;http:\\\/\\\/www.w3.org\\\/2000\\\/svg\\&quot;&gt;&lt;path d=\\&quot;M31.3 192h257.3c17.8 0 26.7 21.5 14.1 34.1L174.1 354.8c-7.8 7.8-20.5 7.8-28.3 0L17.2 226.1C4.6 213.5 13.5 192 31.3 192z\\&quot;&gt;&lt;\\\/path&gt;&lt;\\\/svg&gt;&quot;,&quot;library&quot;:&quot;fa-solid&quot;}}\" data-widget_type=\"nav-menu.default\">\n\t\t\t\t<div class=\"elementor-widget-container\">\n\t\t\t\t\t\t\t\t<nav aria-label=\"Menu\" class=\"elementor-nav-menu--main elementor-nav-menu__container elementor-nav-menu--layout-horizontal e--pointer-underline e--animation-fade\">\n\t\t\t\t<ul id=\"menu-1-be30825\" class=\"elementor-nav-menu\"><li class=\"menu-item menu-item-type-post_type menu-item-object-page menu-item-5935\"><a href=\"https:\/\/www.tronatic-studio.com\/fr\/vfx\/\" class=\"elementor-item\">VFX<\/a><\/li>\n<li class=\"menu-item menu-item-type-post_type menu-item-object-page menu-item-5934\"><a href=\"https:\/\/www.tronatic-studio.com\/fr\/cgi\/\" class=\"elementor-item\">CGI<\/a><\/li>\n<li class=\"menu-item menu-item-type-post_type menu-item-object-page menu-item-5933\"><a href=\"https:\/\/www.tronatic-studio.com\/fr\/design\/\" class=\"elementor-item\">DESIGN<\/a><\/li>\n<\/ul>\t\t\t<\/nav>\n\t\t\t\t\t\t<nav class=\"elementor-nav-menu--dropdown elementor-nav-menu__container\" aria-hidden=\"true\">\n\t\t\t\t<ul id=\"menu-2-be30825\" class=\"elementor-nav-menu\"><li class=\"menu-item menu-item-type-post_type menu-item-object-page menu-item-5935\"><a href=\"https:\/\/www.tronatic-studio.com\/fr\/vfx\/\" class=\"elementor-item\" tabindex=\"-1\">VFX<\/a><\/li>\n<li class=\"menu-item menu-item-type-post_type menu-item-object-page menu-item-5934\"><a href=\"https:\/\/www.tronatic-studio.com\/fr\/cgi\/\" class=\"elementor-item\" tabindex=\"-1\">CGI<\/a><\/li>\n<li class=\"menu-item menu-item-type-post_type menu-item-object-page menu-item-5933\"><a href=\"https:\/\/www.tronatic-studio.com\/fr\/design\/\" class=\"elementor-item\" tabindex=\"-1\">DESIGN<\/a><\/li>\n<\/ul>\t\t\t<\/nav>\n\t\t\t\t\t\t<\/div>\n\t\t\t\t<\/div>\n\t\t\t\t<\/div>\n\t\t\t\t<\/div>\n\t\t","protected":false},"excerpt":{"rendered":"<p>Tronatic Studio est un studio de VFX, CGI et Design sp\u00e9cialis\u00e9 dans la cr\u00e9ation d&rsquo;effets visuels pour des longs m\u00e9trages, s\u00e9ries et publicit\u00e9s.Partout dans le monde, nous collaborons avec les plus grands talents pour cr\u00e9er des exp\u00e9riences visuelles immersives et inoubliables. Soutenus par une infrastructure solide, nos p\u00f4les VFX, CGI, et Design offrent chacun une [&hellip;]<\/p>\n","protected":false},"author":7,"featured_media":0,"parent":0,"menu_order":3,"comment_status":"closed","ping_status":"closed","template":"","meta":{"_acf_changed":false,"footnotes":""},"class_list":["post-5914","page","type-page","status-publish","hentry"],"acf":[],"aioseo_notices":[],"_links":{"self":[{"href":"https:\/\/www.tronatic-studio.com\/fr\/wp-json\/wp\/v2\/pages\/5914","targetHints":{"allow":["GET"]}}],"collection":[{"href":"https:\/\/www.tronatic-studio.com\/fr\/wp-json\/wp\/v2\/pages"}],"about":[{"href":"https:\/\/www.tronatic-studio.com\/fr\/wp-json\/wp\/v2\/types\/page"}],"author":[{"embeddable":true,"href":"https:\/\/www.tronatic-studio.com\/fr\/wp-json\/wp\/v2\/users\/7"}],"replies":[{"embeddable":true,"href":"https:\/\/www.tronatic-studio.com\/fr\/wp-json\/wp\/v2\/comments?post=5914"}],"version-history":[{"count":0,"href":"https:\/\/www.tronatic-studio.com\/fr\/wp-json\/wp\/v2\/pages\/5914\/revisions"}],"wp:attachment":[{"href":"https:\/\/www.tronatic-studio.com\/fr\/wp-json\/wp\/v2\/media?parent=5914"}],"curies":[{"name":"wp","href":"https:\/\/api.w.org\/{rel}","templated":true}]}}