{"id":5926,"date":"2024-10-03T20:51:54","date_gmt":"2024-10-03T18:51:54","guid":{"rendered":"https:\/\/www.tronatic-studio.com\/?page_id=5926"},"modified":"2025-02-13T14:21:00","modified_gmt":"2025-02-13T13:21:00","slug":"design","status":"publish","type":"page","link":"https:\/\/www.tronatic-studio.com\/en\/design\/","title":{"rendered":"DESIGN"},"content":{"rendered":"\t\t<div data-elementor-type=\"wp-page\" data-elementor-id=\"5926\" class=\"elementor elementor-5926\" data-elementor-post-type=\"page\">\n\t\t\t\t<div class=\"elementor-element elementor-element-f2a55a6 e-con-full e-flex e-con e-parent\" data-id=\"f2a55a6\" data-element_type=\"container\" data-e-type=\"container\" data-settings=\"{&quot;background_background&quot;:&quot;slideshow&quot;,&quot;background_slideshow_gallery&quot;:[{&quot;id&quot;:451,&quot;url&quot;:&quot;https:\\\/\\\/www.tronatic-studio.com\\\/wp-content\\\/uploads\\\/2011\\\/09\\\/everia_studio_left.jpg&quot;},{&quot;id&quot;:1389,&quot;url&quot;:&quot;https:\\\/\\\/www.tronatic-studio.com\\\/wp-content\\\/uploads\\\/2020\\\/09\\\/Img02.jpg&quot;},{&quot;id&quot;:1356,&quot;url&quot;:&quot;https:\\\/\\\/www.tronatic-studio.com\\\/wp-content\\\/uploads\\\/2020\\\/04\\\/Gwardian_07.png&quot;},{&quot;id&quot;:660,&quot;url&quot;:&quot;https:\\\/\\\/www.tronatic-studio.com\\\/wp-content\\\/uploads\\\/2020\\\/09\\\/Aurora_Compo01_4Kb-scaled.jpg&quot;},{&quot;id&quot;:1671,&quot;url&quot;:&quot;https:\\\/\\\/www.tronatic-studio.com\\\/wp-content\\\/uploads\\\/2018\\\/01\\\/LRDC_02.png&quot;}],&quot;background_slideshow_transition_duration&quot;:2000,&quot;background_slideshow_loop&quot;:&quot;yes&quot;,&quot;background_slideshow_slide_duration&quot;:5000,&quot;background_slideshow_slide_transition&quot;:&quot;fade&quot;}\">\n\t\t\t\t<div class=\"elementor-element elementor-element-ad4c637 elementor-widget__width-initial elementor-widget elementor-widget-text-editor\" data-id=\"ad4c637\" data-element_type=\"widget\" data-e-type=\"widget\" data-widget_type=\"text-editor.default\">\n\t\t\t\t<div class=\"elementor-widget-container\">\n\t\t\t\t\t\t\t\t\t<p><strong>Le design : bien plus qu&rsquo;une d\u00e9marche artistique<\/strong><\/p><p>Qu&rsquo;il s&rsquo;agisse de concevoir une voiture futuriste ou une lampe moderne pour votre publicit\u00e9, notre expertise en design garantit la r\u00e9ussite de vos projets. Nous cr\u00e9ons des concepts originaux, respectant vos besoins tout en assurant leur compatibilit\u00e9 pour la production industrielle et audiovisuelle.<\/p><p><strong>Design industriel :<\/strong><\/p><p>Nous concevons des projets alliant originalit\u00e9, simplicit\u00e9 et praticit\u00e9, en respectant vos contraintes techniques. Que ce soit pour des pi\u00e8ces sp\u00e9cifiques, des accessoires ou des produits complets, nous vous accompagnons dans chaque \u00e9tape, avec la possibilit\u00e9 d&rsquo;am\u00e9liorer des designs existants et d&rsquo;en proposer une visualisation gr\u00e2ce \u00e0 nos services CGI et VFX.<\/p><p><strong>Design virtuel :<\/strong><\/p><p>Nous cr\u00e9ons des concepts uniques et fid\u00e8les \u00e0 votre univers, qu\u2019il s\u2019agisse de NFT, d\u2019armures, de vaisseaux, ou tout autre projet artistique. Gr\u00e2ce \u00e0 notre ma\u00eetrise des VFX et CGI, nous int\u00e9grons ces cr\u00e9ations dans vos films, s\u00e9ries, publicit\u00e9s, jeux vid\u00e9o ou exp\u00e9riences VR.<\/p><p>Chaque projet est pour nous un nouveau d\u00e9fi que nous sommes pr\u00eats \u00e0 relever.<\/p>\t\t\t\t\t\t\t\t<\/div>\n\t\t\t\t<\/div>\n\t\t\t\t<div class=\"elementor-element elementor-element-3fc4259 elementor-nav-menu--dropdown-none elementor-nav-menu__align-start elementor-widget elementor-widget-nav-menu\" data-id=\"3fc4259\" data-element_type=\"widget\" data-e-type=\"widget\" data-settings=\"{&quot;layout&quot;:&quot;horizontal&quot;,&quot;submenu_icon&quot;:{&quot;value&quot;:&quot;&lt;svg aria-hidden=\\&quot;true\\&quot; class=\\&quot;e-font-icon-svg e-fas-caret-down\\&quot; viewBox=\\&quot;0 0 320 512\\&quot; xmlns=\\&quot;http:\\\/\\\/www.w3.org\\\/2000\\\/svg\\&quot;&gt;&lt;path d=\\&quot;M31.3 192h257.3c17.8 0 26.7 21.5 14.1 34.1L174.1 354.8c-7.8 7.8-20.5 7.8-28.3 0L17.2 226.1C4.6 213.5 13.5 192 31.3 192z\\&quot;&gt;&lt;\\\/path&gt;&lt;\\\/svg&gt;&quot;,&quot;library&quot;:&quot;fa-solid&quot;}}\" data-widget_type=\"nav-menu.default\">\n\t\t\t\t<div class=\"elementor-widget-container\">\n\t\t\t\t\t\t\t\t<nav aria-label=\"Menu\" class=\"elementor-nav-menu--main elementor-nav-menu__container elementor-nav-menu--layout-horizontal e--pointer-underline e--animation-fade\">\n\t\t\t\t<ul id=\"menu-1-3fc4259\" class=\"elementor-nav-menu\"><li class=\"menu-item menu-item-type-post_type menu-item-object-page menu-item-5935\"><a href=\"https:\/\/www.tronatic-studio.com\/en\/vfx\/\" class=\"elementor-item\">VFX<\/a><\/li>\n<li class=\"menu-item menu-item-type-post_type menu-item-object-page menu-item-5934\"><a href=\"https:\/\/www.tronatic-studio.com\/en\/cgi\/\" class=\"elementor-item\">CGI<\/a><\/li>\n<li class=\"menu-item menu-item-type-post_type menu-item-object-page menu-item-5933\"><a href=\"https:\/\/www.tronatic-studio.com\/en\/design\/\" class=\"elementor-item\">DESIGN<\/a><\/li>\n<\/ul>\t\t\t<\/nav>\n\t\t\t\t\t\t<nav class=\"elementor-nav-menu--dropdown elementor-nav-menu__container\" aria-hidden=\"true\">\n\t\t\t\t<ul id=\"menu-2-3fc4259\" class=\"elementor-nav-menu\"><li class=\"menu-item menu-item-type-post_type menu-item-object-page menu-item-5935\"><a href=\"https:\/\/www.tronatic-studio.com\/en\/vfx\/\" class=\"elementor-item\" tabindex=\"-1\">VFX<\/a><\/li>\n<li class=\"menu-item menu-item-type-post_type menu-item-object-page menu-item-5934\"><a href=\"https:\/\/www.tronatic-studio.com\/en\/cgi\/\" class=\"elementor-item\" tabindex=\"-1\">CGI<\/a><\/li>\n<li class=\"menu-item menu-item-type-post_type menu-item-object-page menu-item-5933\"><a href=\"https:\/\/www.tronatic-studio.com\/en\/design\/\" class=\"elementor-item\" tabindex=\"-1\">DESIGN<\/a><\/li>\n<\/ul>\t\t\t<\/nav>\n\t\t\t\t\t\t<\/div>\n\t\t\t\t<\/div>\n\t\t\t\t<\/div>\n\t\t\t\t<\/div>\n\t\t","protected":false},"excerpt":{"rendered":"<p>Le design : bien plus qu&rsquo;une d\u00e9marche artistique Qu&rsquo;il s&rsquo;agisse de concevoir une voiture futuriste ou une lampe moderne pour votre publicit\u00e9, notre expertise en design garantit la r\u00e9ussite de vos projets. Nous cr\u00e9ons des concepts originaux, respectant vos besoins tout en assurant leur compatibilit\u00e9 pour la production industrielle et audiovisuelle. Design industriel : Nous [&hellip;]<\/p>\n","protected":false},"author":7,"featured_media":0,"parent":0,"menu_order":9,"comment_status":"closed","ping_status":"closed","template":"","meta":{"_acf_changed":false,"footnotes":""},"class_list":["post-5926","page","type-page","status-publish","hentry"],"acf":[],"aioseo_notices":[],"_links":{"self":[{"href":"https:\/\/www.tronatic-studio.com\/en\/wp-json\/wp\/v2\/pages\/5926","targetHints":{"allow":["GET"]}}],"collection":[{"href":"https:\/\/www.tronatic-studio.com\/en\/wp-json\/wp\/v2\/pages"}],"about":[{"href":"https:\/\/www.tronatic-studio.com\/en\/wp-json\/wp\/v2\/types\/page"}],"author":[{"embeddable":true,"href":"https:\/\/www.tronatic-studio.com\/en\/wp-json\/wp\/v2\/users\/7"}],"replies":[{"embeddable":true,"href":"https:\/\/www.tronatic-studio.com\/en\/wp-json\/wp\/v2\/comments?post=5926"}],"version-history":[{"count":0,"href":"https:\/\/www.tronatic-studio.com\/en\/wp-json\/wp\/v2\/pages\/5926\/revisions"}],"wp:attachment":[{"href":"https:\/\/www.tronatic-studio.com\/en\/wp-json\/wp\/v2\/media?parent=5926"}],"curies":[{"name":"wp","href":"https:\/\/api.w.org\/{rel}","templated":true}]}}